{"id":123,"date":"2014-06-15T21:23:02","date_gmt":"2014-06-15T19:23:02","guid":{"rendered":"http:\/\/www.mareinoa.de\/?page_id=123"},"modified":"2014-06-15T21:24:54","modified_gmt":"2014-06-15T19:24:54","slug":"impressum","status":"publish","type":"page","link":"https:\/\/www.mareinoa.de\/?page_id=123","title":{"rendered":"Impressum"},"content":{"rendered":"<p>Verantwortlich i.S.v. \u00a7\u00a7 6, 8 TDG und \u00a7 6 MDStV ist<\/p>\n<p>Dr. Manfred Meier<br \/>\nBorkumer Stra\u00dfe 20<br \/>\n38518 Gifhorn<\/p>\n<p>&nbsp;<\/p>\n<p><strong>Haftungsausschluss<\/strong><\/p>\n<p>Bei direkten oder indirekten Verweisen auf fremde Webseiten (&#8222;Hyperlinks&#8220;), die au\u00dferhalb des Verantwortungsbereiches des Autors liegen, w\u00fcrde eine Haftungsverpflichtung ausschlie\u00dflich in dem Fall in Kraft treten, in dem der Autor von den Inhalten Kenntnis hat und es ihm technisch m\u00f6glich und zumutbar w\u00e4re, die Nutzung im Falle rechtswidriger Inhalte zu verhindern. Der Autor erkl\u00e4rt hiermit ausdr\u00fccklich, dass zum Zeitpunkt der Linksetzung keine illegalen Inhalte auf den zu verlinkenden Seiten erkennbar waren. Auf die aktuelle und zuk\u00fcnftige Gestaltung, die Inhalte oder die Urheberschaft der verlinkten\/verkn\u00fcpften Seiten hat der Autor keinerlei Einfluss. Deshalb distanziert er sich hiermit ausdr\u00fccklich von allen Inhalten aller verlinkten \/verkn\u00fcpften Seiten, die nach der Linksetzung ver\u00e4ndert wurden. Diese Feststellung gilt f\u00fcr alle innerhalb des eigenen Internetangebotes gesetzten Links und Verweise sowie f\u00fcr Fremdeintr\u00e4ge in vom Autor eingerichteten G\u00e4steb\u00fcchern, Diskussionsforen, Linkverzeichnissen, Mailinglisten und in allen anderen Formen von Datenbanken, auf deren Inhalt externe Schreibzugriffe m\u00f6glich sind. F\u00fcr illegale, fehlerhafte oder unvollst\u00e4ndige Inhalte und insbesondere f\u00fcr Sch\u00e4den, die aus der Nutzung oder Nichtnutzung solcherart dargebotener Informationen entstehen, haftet allein der Anbieter der Seite, auf welche verwiesen wurde, nicht derjenige, der \u00fcber Links auf die jeweilige Ver\u00f6ffentlichung lediglich verweist.<\/p>\n<p>&nbsp;<\/p>\n<p><strong>Copyright<\/strong><\/p>\n<p><span style=\"line-height: 1.428571429;\">Alle auf diesen Webseiten ver\u00f6ffentlichten Informationen, Beitr\u00e4ge und Abbildungen sowie deren Anordnung sind urheberrechtlich gesch\u00fctzt. Jede vom Urheberrechtsgesetz nicht zugelassene Verwertung bedarf vorheriger schriftlicher Zustimmung. Dies gilt insbesondere f\u00fcr Vervielf\u00e4ltigung, Verbreitung, Weitergabe, Bearbeitung, \u00dcbersetzung, Einspeicherung, Verarbeitung bzw. Wiedergabe von Inhalten in Datenbanken oder anderen elektronischen Medien und Systemen.<\/span><\/p>\n","protected":false},"excerpt":{"rendered":"<p class=\"excerpt\">Verantwortlich i.S.v. \u00a7\u00a7 6, 8 TDG und \u00a7 6 MDStV ist Dr. Manfred Meier Borkumer Stra\u00dfe 20 38518 Gifhorn &nbsp; Haftungsausschluss Bei direkten oder indirekten Verweisen auf fremde Webseiten (&#8222;Hyperlinks&#8220;), die au\u00dferhalb des Verantwortungsbereiches des Autors liegen, w\u00fcrde eine Haftungsverpflichtung ausschlie\u00dflich in dem Fall in Kraft treten, in dem der Autor von den Inhalten Kenntnis hat und es ihm technisch&hellip; <a href=\"https:\/\/www.mareinoa.de\/?page_id=123\">Read more &rarr;<\/a><\/p>\n","protected":false},"author":1,"featured_media":0,"parent":0,"menu_order":0,"comment_status":"open","ping_status":"open","template":"","meta":{"ngg_post_thumbnail":0,"footnotes":""},"class_list":["post-123","page","type-page","status-publish","hentry","xfolkentry"],"_links":{"self":[{"href":"https:\/\/www.mareinoa.de\/index.php?rest_route=\/wp\/v2\/pages\/123","targetHints":{"allow":["GET"]}}],"collection":[{"href":"https:\/\/www.mareinoa.de\/index.php?rest_route=\/wp\/v2\/pages"}],"about":[{"href":"https:\/\/www.mareinoa.de\/index.php?rest_route=\/wp\/v2\/types\/page"}],"author":[{"embeddable":true,"href":"https:\/\/www.mareinoa.de\/index.php?rest_route=\/wp\/v2\/users\/1"}],"replies":[{"embeddable":true,"href":"https:\/\/www.mareinoa.de\/index.php?rest_route=%2Fwp%2Fv2%2Fcomments&post=123"}],"version-history":[{"count":3,"href":"https:\/\/www.mareinoa.de\/index.php?rest_route=\/wp\/v2\/pages\/123\/revisions"}],"predecessor-version":[{"id":126,"href":"https:\/\/www.mareinoa.de\/index.php?rest_route=\/wp\/v2\/pages\/123\/revisions\/126"}],"wp:attachment":[{"href":"https:\/\/www.mareinoa.de\/index.php?rest_route=%2Fwp%2Fv2%2Fmedia&parent=123"}],"curies":[{"name":"wp","href":"https:\/\/api.w.org\/{rel}","templated":true}]}}